{"id":913,"date":"2019-11-25T20:04:16","date_gmt":"2019-11-25T20:04:16","guid":{"rendered":"https:\/\/phoenixmemorial.com\/our-story\/"},"modified":"2021-03-15T18:02:17","modified_gmt":"2021-03-15T22:02:17","slug":"notre-histoire","status":"publish","type":"page","link":"https:\/\/phoenixmemorial.com\/fr\/notre-compagnie\/notre-histoire\/","title":{"rendered":"Notre histoire"},"content":{"rendered":"<p>[vc_row css_animation=\u00a0\u00bb\u00a0\u00bb row_type=\u00a0\u00bbrow\u00a0\u00bb use_row_as_full_screen_section=\u00a0\u00bbno\u00a0\u00bb type=\u00a0\u00bbfull_width\u00a0\u00bb angled_section=\u00a0\u00bbno\u00a0\u00bb text_align=\u00a0\u00bbleft\u00a0\u00bb background_image_as_pattern=\u00a0\u00bbwithout_pattern\u00a0\u00bb][vc_column][vc_column_text]Depuis 1996, <strong>Phoenix Memorial Portraits<\/strong> est au service de l&rsquo;industrie des soins fun\u00e9raires; vendant des portraits comm\u00e9moratifs en porcelaine et en acier \u00e9maill\u00e9 sur porcelaine exclusivement aux constructeurs et d\u00e9taillants de monuments, cimeti\u00e8res et salons fun\u00e9raires.<\/p>\n<p>Au fil des ann\u00e9es, nous avons grandi pour devenir un leader dans notre industrie. Nous avons \u00e9tabli des r\u00e9f\u00e9rences pour nos concurrents \u00e0 tous les niveaux en termes de service, de qualit\u00e9 de fabrication, de garantie, de prix et de livraison. Bien qu&rsquo;on ait atteint le plus haut niveau dans toutes ces cat\u00e9gories, <strong>Phoenix Memorial Portraits<\/strong> pousse toujours \u00e0 viser \u00e0 surpasser ses limites.<\/p>\n<p>Avec plus de 1300 clients actifs qui nous font confiance pour satisfaire leurs besoins en portraits comm\u00e9moratifs et bien plus, nous n&rsquo;avons d&rsquo;autre choix que de continuer \u00e0 honorer leur confiance en leur offrant le meilleur de nous-m\u00eames. Rejoignez la famille de Phoenix Memorial Portrait et vivez la diff\u00e9rence!<\/p>\n<p>&nbsp;<\/p>\n<p><strong><em><u>Avis aux non-d\u00e9taillants<\/u><\/em><\/strong><em>: En tant que fabricant-grossiste, nous op\u00e9rons exclusivement que par l&rsquo;interm\u00e9diaire de d\u00e9taillants dans l&rsquo;industrie. Pour acheter nos produits, s\u2019il vous plait le faire par l&rsquo;interm\u00e9diaire d&rsquo;un d\u00e9taillant dans votre r\u00e9gion (d\u00e9taillants de monuments, cimeti\u00e8re ou salon fun\u00e9raire). Si vous ne connaissez pas votre revendeur local, vous pouvez nous envoyer un courriel en cliquant <a href=\"https:\/\/phoenixmemorial.com\/fr\/nous-contacter\/\">ici<\/a>, et nous serons heureux de vous r\u00e9f\u00e9rer au revendeur le plus proche dans votre r\u00e9gion.<\/em>[\/vc_column_text][vc_empty_space][vc_row_inner row_type=\u00a0\u00bbrow\u00a0\u00bb type=\u00a0\u00bbfull_width\u00a0\u00bb text_align=\u00a0\u00bbleft\u00a0\u00bb css_animation=\u00a0\u00bb\u00a0\u00bb][vc_column_inner width=\u00a0\u00bb1\/2&Prime;][vc_single_image image=\u00a0\u00bb922&Prime; img_size=\u00a0\u00bbfull\u00a0\u00bb alignment=\u00a0\u00bbcenter\u00a0\u00bb onclick=\u00a0\u00bbzoom\u00a0\u00bb qode_css_animation=\u00a0\u00bb\u00a0\u00bb][\/vc_column_inner][vc_column_inner width=\u00a0\u00bb1\/2&Prime;][vc_single_image image=\u00a0\u00bb924&Prime; img_size=\u00a0\u00bbfull\u00a0\u00bb alignment=\u00a0\u00bbcenter\u00a0\u00bb onclick=\u00a0\u00bbzoom\u00a0\u00bb qode_css_animation=\u00a0\u00bb\u00a0\u00bb][\/vc_column_inner][\/vc_row_inner][\/vc_column][\/vc_row]<\/p>\n","protected":false},"excerpt":{"rendered":"<p>[vc_row css_animation=\u00a0\u00bb\u00a0\u00bb row_type=\u00a0\u00bbrow\u00a0\u00bb use_row_as_full_screen_section=\u00a0\u00bbno\u00a0\u00bb type=\u00a0\u00bbfull_width\u00a0\u00bb angled_section=\u00a0\u00bbno\u00a0\u00bb text_align=\u00a0\u00bbleft\u00a0\u00bb background_image_as_pattern=\u00a0\u00bbwithout_pattern\u00a0\u00bb][vc_column][vc_column_text]Depuis 1996, Phoenix Memorial Portraits est au service de l&rsquo;industrie des soins fun\u00e9raires; vendant des portraits comm\u00e9moratifs en porcelaine et en acier \u00e9maill\u00e9 sur porcelaine exclusivement aux constructeurs et d\u00e9taillants de monuments, cimeti\u00e8res et salons fun\u00e9raires. Au fil&#8230;<\/p>\n","protected":false},"author":4,"featured_media":0,"parent":1048,"menu_order":0,"comment_status":"closed","ping_status":"closed","template":"","meta":{"footnotes":""},"class_list":["post-913","page","type-page","status-publish","hentry"],"_links":{"self":[{"href":"https:\/\/phoenixmemorial.com\/fr\/wp-json\/wp\/v2\/pages\/913","targetHints":{"allow":["GET"]}}],"collection":[{"href":"https:\/\/phoenixmemorial.com\/fr\/wp-json\/wp\/v2\/pages"}],"about":[{"href":"https:\/\/phoenixmemorial.com\/fr\/wp-json\/wp\/v2\/types\/page"}],"author":[{"embeddable":true,"href":"https:\/\/phoenixmemorial.com\/fr\/wp-json\/wp\/v2\/users\/4"}],"replies":[{"embeddable":true,"href":"https:\/\/phoenixmemorial.com\/fr\/wp-json\/wp\/v2\/comments?post=913"}],"version-history":[{"count":5,"href":"https:\/\/phoenixmemorial.com\/fr\/wp-json\/wp\/v2\/pages\/913\/revisions"}],"predecessor-version":[{"id":1209,"href":"https:\/\/phoenixmemorial.com\/fr\/wp-json\/wp\/v2\/pages\/913\/revisions\/1209"}],"up":[{"embeddable":true,"href":"https:\/\/phoenixmemorial.com\/fr\/wp-json\/wp\/v2\/pages\/1048"}],"wp:attachment":[{"href":"https:\/\/phoenixmemorial.com\/fr\/wp-json\/wp\/v2\/media?parent=913"}],"curies":[{"name":"wp","href":"https:\/\/api.w.org\/{rel}","templated":true}]}}