{"id":908,"date":"2019-11-25T20:04:41","date_gmt":"2019-11-25T20:04:41","guid":{"rendered":"https:\/\/phoenixmemorial.com\/our-mission\/"},"modified":"2021-03-15T17:59:30","modified_gmt":"2021-03-15T21:59:30","slug":"notre-mission","status":"publish","type":"page","link":"https:\/\/phoenixmemorial.com\/fr\/notre-compagnie\/notre-mission\/","title":{"rendered":"Notre mission"},"content":{"rendered":"<p>[vc_row css_animation=\u00a0\u00bb\u00a0\u00bb row_type=\u00a0\u00bbrow\u00a0\u00bb use_row_as_full_screen_section=\u00a0\u00bbno\u00a0\u00bb type=\u00a0\u00bbfull_width\u00a0\u00bb angled_section=\u00a0\u00bbno\u00a0\u00bb text_align=\u00a0\u00bbleft\u00a0\u00bb background_image_as_pattern=\u00a0\u00bbwithout_pattern\u00a0\u00bb][vc_column][vc_column_text]<\/p>\n<h5 style=\"text-align: center;\">Les portraits comm\u00e9moratifs de Phoenix Memorial cr\u00e9ent une m\u00e9moire \u00e9ternelle.<\/h5>\n<p style=\"text-align: center;\">Notre mission est d&rsquo;\u00e9tablir une relation \u00e0 long terme avec vous. Votre satisfaction est notre objectif. D\u00e9couvrez la diff\u00e9rence avec Phoenix Memorial.<\/p>\n<p>[\/vc_column_text][vc_empty_space][vc_column_text]<\/p>\n<h4 style=\"text-align: center;\">Quelles sont les caract\u00e9ristiques d&rsquo;un portrait r\u00e9alis\u00e9 pas Phoenix Memorial?<\/h4>\n<p>[\/vc_column_text][vc_empty_space][vc_row_inner row_type=\u00a0\u00bbrow\u00a0\u00bb type=\u00a0\u00bbfull_width\u00a0\u00bb text_align=\u00a0\u00bbleft\u00a0\u00bb css_animation=\u00a0\u00bb\u00a0\u00bb][vc_column_inner width=\u00a0\u00bb1\/5&Prime;][vc_column_text]<\/p>\n<h6 style=\"text-align: center;\">DURABILIT\u00c9<\/h6>\n<p style=\"text-align: center;\">La porcelaine r\u00e9siste aux dommages caus\u00e9s par les intemp\u00e9ries et le vandalisme.<\/p>\n<p>[\/vc_column_text][\/vc_column_inner][vc_column_inner width=\u00a0\u00bb1\/5&Prime;][vc_column_text]<\/p>\n<h6 style=\"text-align: center;\">SANS D\u00c9COLORATION<\/h6>\n<p style=\"text-align: center;\">R\u00e9siste \u00e0 la lumi\u00e8re du soleil et aux rayons ultraviolets qui peuvent d\u00e9colorer les images photo ordinaires.<\/p>\n<p>[\/vc_column_text][\/vc_column_inner][vc_column_inner width=\u00a0\u00bb1\/5&Prime;][vc_column_text]<\/p>\n<h6 style=\"text-align: center;\">FINITION<\/h6>\n<p style=\"text-align: center;\">Notre fini subtilement lustr\u00e9 prot\u00e8ge l&rsquo;image et garde la finition optimale.<\/p>\n<p>[\/vc_column_text][\/vc_column_inner][vc_column_inner width=\u00a0\u00bb1\/5&Prime;][vc_column_text]<\/p>\n<h6 style=\"text-align: center;\">QUALIT\u00c9 D&rsquo;IMAGE<\/h6>\n<p style=\"text-align: center;\">Une image reproduite num\u00e9riquement conserve la fid\u00e9lit\u00e9 \u00e0 la source originale.<\/p>\n<p>[\/vc_column_text][\/vc_column_inner][vc_column_inner width=\u00a0\u00bb1\/5&Prime;][vc_column_text]<\/p>\n<h6 style=\"text-align: center;\">GARANTIE \u00c0 VIE<\/h6>\n<p style=\"text-align: center;\">Garantie incluant le vandalisme.<\/p>\n<p>[\/vc_column_text][\/vc_column_inner][\/vc_row_inner][\/vc_column][\/vc_row]<\/p>\n","protected":false},"excerpt":{"rendered":"<p>[vc_row css_animation=\u00a0\u00bb\u00a0\u00bb row_type=\u00a0\u00bbrow\u00a0\u00bb use_row_as_full_screen_section=\u00a0\u00bbno\u00a0\u00bb type=\u00a0\u00bbfull_width\u00a0\u00bb angled_section=\u00a0\u00bbno\u00a0\u00bb text_align=\u00a0\u00bbleft\u00a0\u00bb background_image_as_pattern=\u00a0\u00bbwithout_pattern\u00a0\u00bb][vc_column][vc_column_text] Les portraits comm\u00e9moratifs de Phoenix Memorial cr\u00e9ent une m\u00e9moire \u00e9ternelle. Notre mission est d&rsquo;\u00e9tablir une relation \u00e0 long terme avec vous. Votre satisfaction est notre objectif. D\u00e9couvrez la diff\u00e9rence avec Phoenix Memorial. [\/vc_column_text][vc_empty_space][vc_column_text] Quelles sont les caract\u00e9ristiques&#8230;<\/p>\n","protected":false},"author":4,"featured_media":0,"parent":1048,"menu_order":0,"comment_status":"closed","ping_status":"closed","template":"","meta":{"footnotes":""},"class_list":["post-908","page","type-page","status-publish","hentry"],"_links":{"self":[{"href":"https:\/\/phoenixmemorial.com\/fr\/wp-json\/wp\/v2\/pages\/908","targetHints":{"allow":["GET"]}}],"collection":[{"href":"https:\/\/phoenixmemorial.com\/fr\/wp-json\/wp\/v2\/pages"}],"about":[{"href":"https:\/\/phoenixmemorial.com\/fr\/wp-json\/wp\/v2\/types\/page"}],"author":[{"embeddable":true,"href":"https:\/\/phoenixmemorial.com\/fr\/wp-json\/wp\/v2\/users\/4"}],"replies":[{"embeddable":true,"href":"https:\/\/phoenixmemorial.com\/fr\/wp-json\/wp\/v2\/comments?post=908"}],"version-history":[{"count":4,"href":"https:\/\/phoenixmemorial.com\/fr\/wp-json\/wp\/v2\/pages\/908\/revisions"}],"predecessor-version":[{"id":1208,"href":"https:\/\/phoenixmemorial.com\/fr\/wp-json\/wp\/v2\/pages\/908\/revisions\/1208"}],"up":[{"embeddable":true,"href":"https:\/\/phoenixmemorial.com\/fr\/wp-json\/wp\/v2\/pages\/1048"}],"wp:attachment":[{"href":"https:\/\/phoenixmemorial.com\/fr\/wp-json\/wp\/v2\/media?parent=908"}],"curies":[{"name":"wp","href":"https:\/\/api.w.org\/{rel}","templated":true}]}}