{"id":899,"date":"2019-11-25T20:07:47","date_gmt":"2019-11-25T20:07:47","guid":{"rendered":"https:\/\/phoenixmemorial.com\/heart-enamelled-steel\/"},"modified":"2021-03-24T13:20:33","modified_gmt":"2021-03-24T17:20:33","slug":"coeur-en-acier-emaille","status":"publish","type":"page","link":"https:\/\/phoenixmemorial.com\/fr\/ce-que-nous-offrons\/acier-emaille\/coeur-en-acier-emaille\/","title":{"rendered":"C\u0153ur en acier \u00e9maill\u00e9"},"content":{"rendered":"<p>[vc_row][vc_column][vc_column_text]<img loading=\"lazy\" decoding=\"async\" class=\"aligncenter wp-image-620 size-full\" src=\"https:\/\/phoenixmemorial.com\/wp-content\/uploads\/2020\/03\/Steel-Heart.png\" alt=\"\" width=\"283\" height=\"343\" \/><\/p>\n<table width=\"630\">\n<tbody>\n<tr>\n<td width=\"169\"><strong>Taille en pouces<\/strong><\/td>\n<td width=\"129\"><strong>Taille en centim\u00e8tres<\/strong><\/td>\n<td width=\"188\"><strong>Codes des portraits en noir et blanc<\/strong><\/td>\n<td width=\"144\"><strong>Codes des portraits en couleur<\/strong><\/td>\n<\/tr>\n<tr>\n<td width=\"169\">3.94 x 3.94 po.<\/td>\n<td width=\"129\">10 x 10 cm<\/td>\n<td>MHPB2<\/td>\n<td>MHPC2<\/td>\n<\/tr>\n<tr>\n<td width=\"169\">4.72 x 4.72 po.<\/td>\n<td width=\"129\">12 x 12 cm<\/td>\n<td>MHPB3<\/td>\n<td>MHPC3<\/td>\n<\/tr>\n<tr>\n<td width=\"169\">6 x 6 po.<\/td>\n<td width=\"129\">15.2 x 15.2 cm<\/td>\n<td>SSHMBA<\/td>\n<td>SSHMCA<\/td>\n<\/tr>\n<\/tbody>\n<\/table>\n<p>[\/vc_column_text][\/vc_column][\/vc_row]<\/p>\n","protected":false},"excerpt":{"rendered":"<p>[vc_row][vc_column][vc_column_text] Taille en pouces Taille en centim\u00e8tres Codes des portraits en noir et blanc Codes des portraits en couleur 3.94 x 3.94 po. 10 x 10 cm MHPB2 MHPC2 4.72 x 4.72 po. 12 x 12 cm MHPB3 MHPC3 6 x 6 po. 15.2 x&#8230;<\/p>\n","protected":false},"author":4,"featured_media":0,"parent":1034,"menu_order":0,"comment_status":"closed","ping_status":"closed","template":"","meta":{"footnotes":""},"class_list":["post-899","page","type-page","status-publish","hentry"],"_links":{"self":[{"href":"https:\/\/phoenixmemorial.com\/fr\/wp-json\/wp\/v2\/pages\/899","targetHints":{"allow":["GET"]}}],"collection":[{"href":"https:\/\/phoenixmemorial.com\/fr\/wp-json\/wp\/v2\/pages"}],"about":[{"href":"https:\/\/phoenixmemorial.com\/fr\/wp-json\/wp\/v2\/types\/page"}],"author":[{"embeddable":true,"href":"https:\/\/phoenixmemorial.com\/fr\/wp-json\/wp\/v2\/users\/4"}],"replies":[{"embeddable":true,"href":"https:\/\/phoenixmemorial.com\/fr\/wp-json\/wp\/v2\/comments?post=899"}],"version-history":[{"count":5,"href":"https:\/\/phoenixmemorial.com\/fr\/wp-json\/wp\/v2\/pages\/899\/revisions"}],"predecessor-version":[{"id":1219,"href":"https:\/\/phoenixmemorial.com\/fr\/wp-json\/wp\/v2\/pages\/899\/revisions\/1219"}],"up":[{"embeddable":true,"href":"https:\/\/phoenixmemorial.com\/fr\/wp-json\/wp\/v2\/pages\/1034"}],"wp:attachment":[{"href":"https:\/\/phoenixmemorial.com\/fr\/wp-json\/wp\/v2\/media?parent=899"}],"curies":[{"name":"wp","href":"https:\/\/api.w.org\/{rel}","templated":true}]}}