{"id":880,"date":"2020-01-25T13:49:57","date_gmt":"2020-01-25T18:49:57","guid":{"rendered":"https:\/\/phoenixmemorial.com\/home\/"},"modified":"2021-03-15T17:22:12","modified_gmt":"2021-03-15T21:22:12","slug":"home","status":"publish","type":"page","link":"https:\/\/phoenixmemorial.com\/fr\/","title":{"rendered":"Accueil"},"content":{"rendered":"<p>[vc_row css_animation=\u00a0\u00bb\u00a0\u00bb row_type=\u00a0\u00bbrow\u00a0\u00bb use_row_as_full_screen_section=\u00a0\u00bbno\u00a0\u00bb type=\u00a0\u00bbgrid\u00a0\u00bb angled_section=\u00a0\u00bbno\u00a0\u00bb text_align=\u00a0\u00bbcenter\u00a0\u00bb background_image_as_pattern=\u00a0\u00bbwithout_pattern\u00a0\u00bb z_index=\u00a0\u00bb\u00a0\u00bb css=\u00a0\u00bb.vc_custom_1515492824571{padding-top: 125px !important;padding-bottom: 125px !important;}\u00a0\u00bb][vc_column offset=\u00a0\u00bbvc_col-lg-6 vc_col-md-6&Prime;][qode_elements_holder number_of_columns=\u00a0\u00bbone_column\u00a0\u00bb][qode_elements_holder_item advanced_animations=\u00a0\u00bbno\u00a0\u00bb item_padding=\u00a0\u00bb10px 0 0 0&Prime; item_padding_768_1024=\u00a0\u00bb10px 0 0 0&Prime;][vc_single_image image=\u00a0\u00bb891&Prime; img_size=\u00a0\u00bbfull\u00a0\u00bb qode_css_animation=\u00a0\u00bbelement_from_bottom\u00a0\u00bb][\/qode_elements_holder_item][\/qode_elements_holder][\/vc_column][vc_column offset=\u00a0\u00bbvc_col-lg-6 vc_col-md-6&Prime;][qode_elements_holder number_of_columns=\u00a0\u00bbone_column\u00a0\u00bb][qode_elements_holder_item advanced_animations=\u00a0\u00bbno\u00a0\u00bb item_padding=\u00a0\u00bb68px 45px 0 45px\u00a0\u00bb item_padding_1024_1280=\u00a0\u00bb33px 26px 0 26px\u00a0\u00bb item_padding_768_1024=\u00a0\u00bb0px 25px 0 25px\u00a0\u00bb item_padding_600_768=\u00a0\u00bb44px 25px 0 25px\u00a0\u00bb][vc_column_text]<\/p>\n<h3>Atteindre la grandeur<\/h3>\n<p>[\/vc_column_text][vc_column_text]<\/p>\n<h2>\u00c0 PROPOS DE NOUS<\/h2>\n<p>[\/vc_column_text][vc_empty_space height=\u00a0\u00bb4px\u00a0\u00bb][vc_separator type=\u00a0\u00bbsmall\u00a0\u00bb position=\u00a0\u00bbcenter\u00a0\u00bb color=\u00a0\u00bb#d8d8d8&Prime; thickness=\u00a0\u00bb1&Prime; width=\u00a0\u00bb122&Prime;][vc_empty_space height=\u00a0\u00bb9px\u00a0\u00bb][vc_column_text]Depuis 1996, Phoenix Memorial Portraits est au service de l&rsquo;industrie des soins fun\u00e9raires; vendant des portraits comm\u00e9moratifs en porcelaine et en acier \u00e9maill\u00e9 sur porcelaine exclusivement aux constructeurs et d\u00e9taillants de monuments, cimeti\u00e8res et salons fun\u00e9raires.[\/vc_column_text][vc_empty_space height=\u00a0\u00bb35px\u00a0\u00bb]<a  itemprop=\"url\" href=\"https:\/\/phoenixmemorial.com\/fr\/notre-compagnie\/notre-histoire\/\" target=\"_self\"  class=\"qbutton  default\" style=\"\">D\u00c9COUVRIR PLUS<\/a>[\/qode_elements_holder_item][\/qode_elements_holder][\/vc_column][\/vc_row][vc_row row_type=\u00a0\u00bbparallax\u00a0\u00bb parallax_content_width=\u00a0\u00bbin_grid\u00a0\u00bb text_align=\u00a0\u00bbleft\u00a0\u00bb full_screen_section_height=\u00a0\u00bbno\u00a0\u00bb css=\u00a0\u00bb.vc_custom_1580739093785{padding-top: 137px !important;padding-bottom: 120px !important;}\u00a0\u00bb background_image=\u00a0\u00bb236&Prime;][vc_column][qode_elements_holder number_of_columns=\u00a0\u00bbone_column\u00a0\u00bb][qode_elements_holder_item advanced_animations=\u00a0\u00bbno\u00a0\u00bb item_padding=\u00a0\u00bb75px 26% 75px 26%\u00a0\u00bb item_padding_1024_1280=\u00a0\u00bb0px 20% 0 20%\u00a0\u00bb item_padding_768_1024=\u00a0\u00bb0px 7% 0 7%\u00a0\u00bb]<div class='testimonials_holder clearfix dark'><div class=\"testimonials testimonials_carousel\" data-show-navigation=\"yes\" data-animation-type=\"fade\" data-animation-speed=\"\" data-auto-rotate-slides=\"3\" data-number-per-slide=\"1\"><ul class=\"slides\"><li id=\"testimonials1066\" class=\"testimonial_content\"><div class=\"testimonial_content_inner\"><div class=\"testimonial_image_holder\"><img decoding=\"async\" itemprop=\"image\" src=\"\" \/><\/div><div class=\"testimonial_text_holder\"><div class=\"testimonial_text_inner\" style=\"\"><p>Je dois dire que je suis toujours impressionn\u00e9 par votre service. Nous avons eu aucun probl\u00e8me et avons v\u00e9cus une superbe exp\u00e9rience. Merci encore! - Alice<\/p><p class=\"testimonial_author\" style=\"\">08\/12\/2016 Hunter Collins<\/p><\/div><\/div><\/div><\/li><li id=\"testimonials1067\" class=\"testimonial_content\"><div class=\"testimonial_content_inner\"><div class=\"testimonial_image_holder\"><img decoding=\"async\" itemprop=\"image\" src=\"\" \/><\/div><div class=\"testimonial_text_holder\"><div class=\"testimonial_text_inner\" style=\"\"><p>J'appr\u00e9cie tout ce que vous faites. Vous \u00eates toujours si respectueux et allez toujours au-del\u00e0 pour m'aider avec tout ce dont j'ai besoin. Emma<\/p><p class=\"testimonial_author\" style=\"\">30\/05\/2017 John T, Parksley<\/p><\/div><\/div><\/div><\/li><li id=\"testimonials1068\" class=\"testimonial_content\"><div class=\"testimonial_content_inner\"><div class=\"testimonial_image_holder\"><img decoding=\"async\" itemprop=\"image\" src=\"\" \/><\/div><div class=\"testimonial_text_holder\"><div class=\"testimonial_text_inner\" style=\"\"><p>Super produit! J'aime vraiment le bord sans fronti\u00e8res, qui permet au portrait de se fondre parfaitement dans le granite. La facilit\u00e9 et la simplicit\u00e9 de la proc\u00e9dure de commande \u00e9taient excellentes ainsi que le d\u00e9lai d'ex\u00e9cution. Je pense qu'il est prudent de dire que vous avez gagn\u00e9 un nouveau client fid\u00e8le. Merci, Jean<\/p><p class=\"testimonial_author\" style=\"\">30\/11\/2017 Brandon, Oklahoma<\/p><\/div><\/div><\/div><\/li><\/ul><\/div><\/div>[\/qode_elements_holder_item][\/qode_elements_holder][\/vc_column][\/vc_row][vc_row css_animation=\u00a0\u00bb\u00a0\u00bb row_type=\u00a0\u00bbrow\u00a0\u00bb use_row_as_full_screen_section=\u00a0\u00bbno\u00a0\u00bb type=\u00a0\u00bbgrid\u00a0\u00bb angled_section=\u00a0\u00bbno\u00a0\u00bb text_align=\u00a0\u00bbcenter\u00a0\u00bb background_image_as_pattern=\u00a0\u00bbwithout_pattern\u00a0\u00bb z_index=\u00a0\u00bb\u00a0\u00bb css=\u00a0\u00bb.vc_custom_1515501836885{padding-top: 125px !important;padding-bottom: 84px !important;}\u00a0\u00bb][vc_column offset=\u00a0\u00bbvc_col-lg-6 vc_col-md-6&Prime;][qode_elements_holder number_of_columns=\u00a0\u00bbone_column\u00a0\u00bb][qode_elements_holder_item advanced_animations=\u00a0\u00bbno\u00a0\u00bb item_padding=\u00a0\u00bb15px 45px 0 45px\u00a0\u00bb item_padding_1024_1280=\u00a0\u00bb0px 25px 0 25px\u00a0\u00bb item_padding_480=\u00a0\u00bb15px 45px 45px 45px\u00a0\u00bb][vc_column_text]<\/p>\n<h3>Atteindre la grandeur<\/h3>\n<p>[\/vc_column_text][vc_column_text]<\/p>\n<h2>NOS PRODUITS<\/h2>\n<p>[\/vc_column_text][vc_empty_space height=\u00a0\u00bb4px\u00a0\u00bb][vc_separator type=\u00a0\u00bbsmall\u00a0\u00bb position=\u00a0\u00bbcenter\u00a0\u00bb color=\u00a0\u00bb#d8d8d8&Prime; thickness=\u00a0\u00bb1&Prime; width=\u00a0\u00bb122&Prime;][vc_empty_space height=\u00a0\u00bb9px\u00a0\u00bb][vc_column_text]Pendant des si\u00e8cles, les gens ont choisi de comm\u00e9morer la vie de leurs proches. Les portraits comm\u00e9moratifs de Phoenix cr\u00e9ent une m\u00e9moire \u00e9ternelle et peuvent \u00eatre cr\u00e9es \u00e0 partir de n&rsquo;importe quelle photographie. Ils peuvent \u00eatre demand\u00e9s dans une vari\u00e9t\u00e9 de tailles et de styles tel que rectangulaire, ovale, circulaire, carr\u00e9 ou en forme de c\u0153ur.[\/vc_column_text][vc_empty_space height=\u00a0\u00bb35px\u00a0\u00bb]<a  itemprop=\"url\" href=\"https:\/\/phoenixmemorial.com\/fr\/nous-contacter\/\" target=\"_self\"  class=\"qbutton  default\" style=\"\">NOUS CONTACTER<\/a>[\/qode_elements_holder_item][\/qode_elements_holder][\/vc_column][vc_column offset=\u00a0\u00bbvc_col-lg-6 vc_col-md-6&Prime;][qode_elements_holder number_of_columns=\u00a0\u00bbone_column\u00a0\u00bb][qode_elements_holder_item advanced_animations=\u00a0\u00bbno\u00a0\u00bb item_padding_1024_1280=\u00a0\u00bb15px 0 0 0&Prime; item_padding_768_1024=\u00a0\u00bb50px 0 0 0&Prime;][vc_single_image image=\u00a0\u00bb890&Prime; img_size=\u00a0\u00bbfull\u00a0\u00bb qode_css_animation=\u00a0\u00bbelement_from_bottom\u00a0\u00bb][\/qode_elements_holder_item][\/qode_elements_holder][\/vc_column][\/vc_row][vc_row css_animation=\u00a0\u00bb\u00a0\u00bb row_type=\u00a0\u00bbrow\u00a0\u00bb use_row_as_full_screen_section=\u00a0\u00bbno\u00a0\u00bb type=\u00a0\u00bbfull_width\u00a0\u00bb angled_section=\u00a0\u00bbno\u00a0\u00bb text_align=\u00a0\u00bbleft\u00a0\u00bb background_image_as_pattern=\u00a0\u00bbwithout_pattern\u00a0\u00bb css=\u00a0\u00bb.vc_custom_1580739764909{background-image: url(https:\/\/phoenixmemorial.com\/wp-content\/uploads\/2020\/02\/home2.jpg?id=236) !important;}\u00a0\u00bb z_index=\u00a0\u00bb\u00a0\u00bb][vc_column][vc_empty_space height=\u00a0\u00bb44px\u00a0\u00bb][vc_row_inner row_type=\u00a0\u00bbrow\u00a0\u00bb type=\u00a0\u00bbgrid\u00a0\u00bb text_align=\u00a0\u00bbcenter\u00a0\u00bb css_animation=\u00a0\u00bb\u00a0\u00bb css=\u00a0\u00bb.vc_custom_1515579997550{padding-top: 173px !important;padding-bottom: 132px !important;}\u00a0\u00bb][vc_column_inner width=\u00a0\u00bb1\/2&Prime;][vc_single_image image=\u00a0\u00bb889&Prime; img_size=\u00a0\u00bbfull\u00a0\u00bb qode_css_animation=\u00a0\u00bb\u00a0\u00bb][\/vc_column_inner][vc_column_inner width=\u00a0\u00bb1\/2&Prime;][vc_empty_space][vc_column_text]<\/p>\n<h3><span style=\"color: #ffffff;\">Fond\u00e9 en<\/span><\/h3>\n<p>[\/vc_column_text]<div class=\"q_counter_holder  center\" style=\"\" data-digit=\"1996\"><span class=\"counter  zero\" style=\"font-weight: Default;\">1996<\/span><\/div>[\/vc_column_inner][\/vc_row_inner][\/vc_column][\/vc_row]<\/p>\n","protected":false},"excerpt":{"rendered":"<p>[vc_row css_animation=\u00a0\u00bb\u00a0\u00bb row_type=\u00a0\u00bbrow\u00a0\u00bb use_row_as_full_screen_section=\u00a0\u00bbno\u00a0\u00bb type=\u00a0\u00bbgrid\u00a0\u00bb angled_section=\u00a0\u00bbno\u00a0\u00bb text_align=\u00a0\u00bbcenter\u00a0\u00bb background_image_as_pattern=\u00a0\u00bbwithout_pattern\u00a0\u00bb z_index=\u00a0\u00bb\u00a0\u00bb css=\u00a0\u00bb.vc_custom_1515492824571{padding-top: 125px !important;padding-bottom: 125px !important;}\u00a0\u00bb][vc_column offset=\u00a0\u00bbvc_col-lg-6 vc_col-md-6&Prime;][qode_elements_holder number_of_columns=\u00a0\u00bbone_column\u00a0\u00bb][qode_elements_holder_item advanced_animations=\u00a0\u00bbno\u00a0\u00bb item_padding=\u00a0\u00bb10px 0 0 0&Prime; item_padding_768_1024=\u00a0\u00bb10px 0 0 0&Prime;][vc_single_image image=\u00a0\u00bb891&Prime; img_size=\u00a0\u00bbfull\u00a0\u00bb qode_css_animation=\u00a0\u00bbelement_from_bottom\u00a0\u00bb][\/qode_elements_holder_item][\/qode_elements_holder][\/vc_column][vc_column offset=\u00a0\u00bbvc_col-lg-6 vc_col-md-6&Prime;][qode_elements_holder number_of_columns=\u00a0\u00bbone_column\u00a0\u00bb][qode_elements_holder_item advanced_animations=\u00a0\u00bbno\u00a0\u00bb item_padding=\u00a0\u00bb68px 45px 0 45px\u00a0\u00bb item_padding_1024_1280=\u00a0\u00bb33px 26px 0 26px\u00a0\u00bb item_padding_768_1024=\u00a0\u00bb0px 25px 0 25px\u00a0\u00bb&#8230;<\/p>\n","protected":false},"author":4,"featured_media":0,"parent":0,"menu_order":1,"comment_status":"closed","ping_status":"closed","template":"full_width.php","meta":{"footnotes":""},"class_list":["post-880","page","type-page","status-publish","hentry"],"_links":{"self":[{"href":"https:\/\/phoenixmemorial.com\/fr\/wp-json\/wp\/v2\/pages\/880","targetHints":{"allow":["GET"]}}],"collection":[{"href":"https:\/\/phoenixmemorial.com\/fr\/wp-json\/wp\/v2\/pages"}],"about":[{"href":"https:\/\/phoenixmemorial.com\/fr\/wp-json\/wp\/v2\/types\/page"}],"author":[{"embeddable":true,"href":"https:\/\/phoenixmemorial.com\/fr\/wp-json\/wp\/v2\/users\/4"}],"replies":[{"embeddable":true,"href":"https:\/\/phoenixmemorial.com\/fr\/wp-json\/wp\/v2\/comments?post=880"}],"version-history":[{"count":5,"href":"https:\/\/phoenixmemorial.com\/fr\/wp-json\/wp\/v2\/pages\/880\/revisions"}],"predecessor-version":[{"id":1173,"href":"https:\/\/phoenixmemorial.com\/fr\/wp-json\/wp\/v2\/pages\/880\/revisions\/1173"}],"wp:attachment":[{"href":"https:\/\/phoenixmemorial.com\/fr\/wp-json\/wp\/v2\/media?parent=880"}],"curies":[{"name":"wp","href":"https:\/\/api.w.org\/{rel}","templated":true}]}}