{"id":1037,"date":"2019-11-25T12:45:51","date_gmt":"2019-11-25T12:45:51","guid":{"rendered":"https:\/\/phoenixmemorial.com\/delivery\/"},"modified":"2021-03-15T17:57:09","modified_gmt":"2021-03-15T21:57:09","slug":"expedition-livraison","status":"publish","type":"page","link":"https:\/\/phoenixmemorial.com\/fr\/laissez-nous-vous-aider\/expedition-livraison\/","title":{"rendered":"Exp\u00e9dition &#038; Livraison"},"content":{"rendered":"<p>[vc_row css_animation=\u00a0\u00bb\u00a0\u00bb row_type=\u00a0\u00bbrow\u00a0\u00bb use_row_as_full_screen_section=\u00a0\u00bbno\u00a0\u00bb type=\u00a0\u00bbfull_width\u00a0\u00bb angled_section=\u00a0\u00bbno\u00a0\u00bb text_align=\u00a0\u00bbleft\u00a0\u00bb background_image_as_pattern=\u00a0\u00bbwithout_pattern\u00a0\u00bb][vc_column][vc_column_text]<\/p>\n<h4><!-- \/wp:paragraph --><\/h4>\n<h4>Que vous ayez command\u00e9 \u00e0 l&rsquo;avance ou que vous ayez besoin de vos produits d\u00e8s que possible, nous souhaitons vous faire parvenir votre colis le plus rapidement possible.<\/h4>\n<p>[\/vc_column_text][vc_empty_space]<div class=\"qode-accordion-holder clearfix qode-toggle qode-initial \">\n\t<h4 class=\"clearfix qode-title-holder\">\n<span class=\"qode-tab-title\">\n\t    <span class=\"qode-tab-title-inner\">\n        D\u00e9lai de production?    <\/span>\n<\/span>\n<span class=\"qode-accordion-mark\">\n    <span class=\"qode-accordion-mark-icon\">\n        <span class=\"icon_plus\"><\/span>\n        <span class=\"icon_minus-06\"><\/span>\n    <\/span>\n<\/span>\n<\/h4>\n<div  class=\"qode-accordion-content \" >\n    <div class=\"qode-accordion-content-inner\">\n        [vc_column_text]<\/p>\n<p>Phoenix Memorial est tr\u00e8s fier de son temps d\u2019ex\u00e9cution. Une fois la commande re\u00e7ue, compl\u00e9t\u00e9e et approuv\u00e9e, le d\u00e9lai d&rsquo;ex\u00e9cution est en moyenne de 10 \u00e0 12 jours ouverts (re\u00e7us chez vous).<\/p>\n<p>[\/vc_column_text]    <\/div>\n<\/div><h4 class=\"clearfix qode-title-holder\">\n<span class=\"qode-tab-title\">\n\t    <span class=\"qode-tab-title-inner\">\n        Puis-je avoir ma commande pr\u00e9cipit\u00e9e?    <\/span>\n<\/span>\n<span class=\"qode-accordion-mark\">\n    <span class=\"qode-accordion-mark-icon\">\n        <span class=\"icon_plus\"><\/span>\n        <span class=\"icon_minus-06\"><\/span>\n    <\/span>\n<\/span>\n<\/h4>\n<div  class=\"qode-accordion-content \" >\n    <div class=\"qode-accordion-content-inner\">\n        [vc_column_text]<\/p>\n<p>Si vous avez besoin d&rsquo;une commande urgente, veuillez contacter notre service client\u00e8le et ils se feront un plaisir de vous aider \u00e0 cet \u00e9gard. N.B. Il y a toujours l\u2019option de rajouter l\u2019exp\u00e9dition du jour au lendemain \u00e0 un frais suppl\u00e9mentaire.<\/p>\n<p>[\/vc_column_text]    <\/div>\n<\/div><h4 class=\"clearfix qode-title-holder\">\n<span class=\"qode-tab-title\">\n\t    <span class=\"qode-tab-title-inner\">\n        Y a-t-il des frais pour une commande urgente?    <\/span>\n<\/span>\n<span class=\"qode-accordion-mark\">\n    <span class=\"qode-accordion-mark-icon\">\n        <span class=\"icon_plus\"><\/span>\n        <span class=\"icon_minus-06\"><\/span>\n    <\/span>\n<\/span>\n<\/h4>\n<div  class=\"qode-accordion-content \" >\n    <div class=\"qode-accordion-content-inner\">\n        [vc_column_text]Des frais suppl\u00e9mentaires ne seront factur\u00e9s que si une exp\u00e9dition du jour au lendemain est demand\u00e9e.[\/vc_column_text]    <\/div>\n<\/div><h4 class=\"clearfix qode-title-holder\">\n<span class=\"qode-tab-title\">\n\t    <span class=\"qode-tab-title-inner\">\n        Offrez-vous des services d\u2019exp\u00e9dition du jour au lendemain? Y a-t-il un co\u00fbt suppl\u00e9mentaire?    <\/span>\n<\/span>\n<span class=\"qode-accordion-mark\">\n    <span class=\"qode-accordion-mark-icon\">\n        <span class=\"icon_plus\"><\/span>\n        <span class=\"icon_minus-06\"><\/span>\n    <\/span>\n<\/span>\n<\/h4>\n<div  class=\"qode-accordion-content \" >\n    <div class=\"qode-accordion-content-inner\">\n        [vc_column_text]<\/p>\n<p>Absolument! L&rsquo;exp\u00e9dition du jour au lendemain entra\u00eenera des frais suppl\u00e9mentaires allant de 40$ \u00e0 60$ et plus selon la taille et le poids de votre commande.<\/p>\n<p>[\/vc_column_text]    <\/div>\n<\/div><h4 class=\"clearfix qode-title-holder\">\n<span class=\"qode-tab-title\">\n\t    <span class=\"qode-tab-title-inner\">\n        Mon colis est arriv\u00e9 endommag\u00e9 ou vide, comment dois-je proc\u00e9der?    <\/span>\n<\/span>\n<span class=\"qode-accordion-mark\">\n    <span class=\"qode-accordion-mark-icon\">\n        <span class=\"icon_plus\"><\/span>\n        <span class=\"icon_minus-06\"><\/span>\n    <\/span>\n<\/span>\n<\/h4>\n<div  class=\"qode-accordion-content \" >\n    <div class=\"qode-accordion-content-inner\">\n        [vc_column_text]<\/p>\n<p>Pas de soucis, veuillez prendre une photo de votre colis endommag\u00e9 et nous l&rsquo;envoyer afin que nous puissions remplir une r\u00e9clamation avec Poste Canada ou UPS. Une fois faits-nous placerons une commande de remplacement pour vous avec notre \u00e9quipe.<\/p>\n<p>[\/vc_column_text]    <\/div>\n<\/div><\/div>[\/vc_column][\/vc_row]<\/p>\n","protected":false},"excerpt":{"rendered":"<p>[vc_row css_animation=\u00a0\u00bb\u00a0\u00bb row_type=\u00a0\u00bbrow\u00a0\u00bb use_row_as_full_screen_section=\u00a0\u00bbno\u00a0\u00bb type=\u00a0\u00bbfull_width\u00a0\u00bb angled_section=\u00a0\u00bbno\u00a0\u00bb text_align=\u00a0\u00bbleft\u00a0\u00bb background_image_as_pattern=\u00a0\u00bbwithout_pattern\u00a0\u00bb][vc_column][vc_column_text] Que vous ayez command\u00e9 \u00e0 l&rsquo;avance ou que vous ayez besoin de vos produits d\u00e8s que possible, nous souhaitons vous faire parvenir votre colis le plus rapidement possible. [\/vc_column_text][vc_empty_space][\/vc_column][\/vc_row]<\/p>\n","protected":false},"author":4,"featured_media":0,"parent":1044,"menu_order":0,"comment_status":"closed","ping_status":"closed","template":"","meta":{"footnotes":""},"class_list":["post-1037","page","type-page","status-publish","hentry"],"_links":{"self":[{"href":"https:\/\/phoenixmemorial.com\/fr\/wp-json\/wp\/v2\/pages\/1037","targetHints":{"allow":["GET"]}}],"collection":[{"href":"https:\/\/phoenixmemorial.com\/fr\/wp-json\/wp\/v2\/pages"}],"about":[{"href":"https:\/\/phoenixmemorial.com\/fr\/wp-json\/wp\/v2\/types\/page"}],"author":[{"embeddable":true,"href":"https:\/\/phoenixmemorial.com\/fr\/wp-json\/wp\/v2\/users\/4"}],"replies":[{"embeddable":true,"href":"https:\/\/phoenixmemorial.com\/fr\/wp-json\/wp\/v2\/comments?post=1037"}],"version-history":[{"count":4,"href":"https:\/\/phoenixmemorial.com\/fr\/wp-json\/wp\/v2\/pages\/1037\/revisions"}],"predecessor-version":[{"id":1116,"href":"https:\/\/phoenixmemorial.com\/fr\/wp-json\/wp\/v2\/pages\/1037\/revisions\/1116"}],"up":[{"embeddable":true,"href":"https:\/\/phoenixmemorial.com\/fr\/wp-json\/wp\/v2\/pages\/1044"}],"wp:attachment":[{"href":"https:\/\/phoenixmemorial.com\/fr\/wp-json\/wp\/v2\/media?parent=1037"}],"curies":[{"name":"wp","href":"https:\/\/api.w.org\/{rel}","templated":true}]}}