{"id":1036,"date":"2019-11-25T12:46:09","date_gmt":"2019-11-25T12:46:09","guid":{"rendered":"https:\/\/phoenixmemorial.com\/satisfaction-guarantee\/"},"modified":"2021-03-15T17:55:25","modified_gmt":"2021-03-15T21:55:25","slug":"satisfaction-garantie","status":"publish","type":"page","link":"https:\/\/phoenixmemorial.com\/fr\/laissez-nous-vous-aider\/satisfaction-garantie\/","title":{"rendered":"Satisfaction garantie"},"content":{"rendered":"<p>[vc_row css_animation=\u00a0\u00bb\u00a0\u00bb row_type=\u00a0\u00bbrow\u00a0\u00bb use_row_as_full_screen_section=\u00a0\u00bbno\u00a0\u00bb type=\u00a0\u00bbfull_width\u00a0\u00bb angled_section=\u00a0\u00bbno\u00a0\u00bb text_align=\u00a0\u00bbleft\u00a0\u00bb background_image_as_pattern=\u00a0\u00bbwithout_pattern\u00a0\u00bb][vc_column][vc_column_text]<\/p>\n<h4 class=\"largeheading\" style=\"text-align: left;\">Nous sommes fiers de notre savoir-faire et offrons une garantie \u00e0 vie sur nos portraits.<\/h4>\n<p style=\"text-align: left;\">Si votre portrait comm\u00e9moratif de Phoenix subit du vandalisme, un d\u00e9faut de fabrication ou une insatisfaction du client, il vous suffit de nous le faire savoir et nous nous assurerons de trouver un moyen de vous satisfaire.<\/p>\n<p>[\/vc_column_text][vc_empty_space][vc_row_inner row_type=\u00a0\u00bbrow\u00a0\u00bb type=\u00a0\u00bbfull_width\u00a0\u00bb text_align=\u00a0\u00bbleft\u00a0\u00bb css_animation=\u00a0\u00bb\u00a0\u00bb][vc_column_inner][vc_column_text]<\/p>\n<h4>Politique de garantie du portrait de Phoenix Memorial<\/h4>\n<p>Le portrait comm\u00e9moratif est enti\u00e8rement garanti apr\u00e8s l&rsquo;installation pour:<\/p>\n<ul>\n<li>Vandalisme* (toutes sortes, photo requise)<\/li>\n<li>Rupture* (entretien du cimeti\u00e8re, photo requise)<\/li>\n<li>Actes de Dieu* (ouragans, inondations, tornades\u2026 photo requise)<\/li>\n<li>Endommagement lors de l&rsquo;exp\u00e9dition* (photo requise)<\/li>\n<li>D\u00e9faut de fabrication (photo requise)<\/li>\n<\/ul>\n<p>&nbsp;<\/p>\n<p>* Des frais suppl\u00e9mentaires seront appliqu\u00e9es pour l&rsquo;exp\u00e9dition et le ruban adh\u00e9sif a double face 3M (si requise).[\/vc_column_text][\/vc_column_inner][\/vc_row_inner][vc_empty_space][vc_column_text css=\u00a0\u00bb.vc_custom_1615845322163{padding-top: 15px !important;padding-right: 25px !important;padding-bottom: 15px !important;padding-left: 25px !important;background-color: #0a0a0a !important;}\u00a0\u00bb]<\/p>\n<h4><span style=\"color: #ffffff;\">Garantie de satisfaction client<\/span><\/h4>\n<p><span style=\"color: #ffffff;\">Avant la production, si une \u00e9preuve est demand\u00e9e, nous en pr\u00e9parerons une selon les instructions fournies par le client. Maximum de deux \u00e9preuves gratuites (des \u00e9preuves suppl\u00e9mentaires entra\u00eeneront des frais suppl\u00e9mentaires).<\/span><br \/>\n<span style=\"color: #ffffff;\">Une fois le portrait produit et re\u00e7u, nous garantirons pleinement la satisfaction du client si le portrait comm\u00e9moratif n\u2019a pas \u00e9t\u00e9 r\u00e9alis\u00e9 correctement par Phoenix Memorial. Si la photo fournie \u00e9tait tr\u00e8s mauvaise et que le client en trouve une meilleure, elle ne sera que partiellement garantie.<\/span>[\/vc_column_text][\/vc_column][\/vc_row]<\/p>\n","protected":false},"excerpt":{"rendered":"<p>[vc_row css_animation=\u00a0\u00bb\u00a0\u00bb row_type=\u00a0\u00bbrow\u00a0\u00bb use_row_as_full_screen_section=\u00a0\u00bbno\u00a0\u00bb type=\u00a0\u00bbfull_width\u00a0\u00bb angled_section=\u00a0\u00bbno\u00a0\u00bb text_align=\u00a0\u00bbleft\u00a0\u00bb background_image_as_pattern=\u00a0\u00bbwithout_pattern\u00a0\u00bb][vc_column][vc_column_text] Nous sommes fiers de notre savoir-faire et offrons une garantie \u00e0 vie sur nos portraits. Si votre portrait comm\u00e9moratif de Phoenix subit du vandalisme, un d\u00e9faut de fabrication ou une insatisfaction du client, il vous suffit de&#8230;<\/p>\n","protected":false},"author":4,"featured_media":0,"parent":1044,"menu_order":0,"comment_status":"closed","ping_status":"closed","template":"","meta":{"footnotes":""},"class_list":["post-1036","page","type-page","status-publish","hentry"],"_links":{"self":[{"href":"https:\/\/phoenixmemorial.com\/fr\/wp-json\/wp\/v2\/pages\/1036","targetHints":{"allow":["GET"]}}],"collection":[{"href":"https:\/\/phoenixmemorial.com\/fr\/wp-json\/wp\/v2\/pages"}],"about":[{"href":"https:\/\/phoenixmemorial.com\/fr\/wp-json\/wp\/v2\/types\/page"}],"author":[{"embeddable":true,"href":"https:\/\/phoenixmemorial.com\/fr\/wp-json\/wp\/v2\/users\/4"}],"replies":[{"embeddable":true,"href":"https:\/\/phoenixmemorial.com\/fr\/wp-json\/wp\/v2\/comments?post=1036"}],"version-history":[{"count":4,"href":"https:\/\/phoenixmemorial.com\/fr\/wp-json\/wp\/v2\/pages\/1036\/revisions"}],"predecessor-version":[{"id":1204,"href":"https:\/\/phoenixmemorial.com\/fr\/wp-json\/wp\/v2\/pages\/1036\/revisions\/1204"}],"up":[{"embeddable":true,"href":"https:\/\/phoenixmemorial.com\/fr\/wp-json\/wp\/v2\/pages\/1044"}],"wp:attachment":[{"href":"https:\/\/phoenixmemorial.com\/fr\/wp-json\/wp\/v2\/media?parent=1036"}],"curies":[{"name":"wp","href":"https:\/\/api.w.org\/{rel}","templated":true}]}}